{"id":6901,"date":"2022-07-08T14:32:41","date_gmt":"2022-07-08T12:32:41","guid":{"rendered":"https:\/\/chrischona-berg.ch\/contact\/"},"modified":"2023-07-31T16:51:31","modified_gmt":"2023-07-31T14:51:31","slug":"contact","status":"publish","type":"page","link":"https:\/\/chrischona-berg.ch\/en\/contact\/","title":{"rendered":"Contact"},"content":{"rendered":"\t\t<div data-elementor-type=\"wp-page\" data-elementor-id=\"6901\" class=\"elementor elementor-6901 elementor-2400\" data-elementor-post-type=\"page\">\n\t\t\t\t\t\t<section class=\"wd-negative-gap elementor-section elementor-top-section elementor-element elementor-element-0467d0b elementor-section-boxed elementor-section-height-default elementor-section-height-default\" data-id=\"0467d0b\" data-element_type=\"section\" data-e-type=\"section\">\n\t\t\t\t\t\t<div class=\"elementor-container elementor-column-gap-default\">\n\t\t\t\t\t<div class=\"elementor-column elementor-col-33 elementor-top-column elementor-element elementor-element-250c559 elementor-hidden-tablet elementor-hidden-mobile\" data-id=\"250c559\" data-element_type=\"column\" data-e-type=\"column\">\n\t\t\t<div class=\"elementor-widget-wrap\">\n\t\t\t\t\t\t\t<\/div>\n\t\t<\/div>\n\t\t\t\t<div class=\"elementor-column elementor-col-33 elementor-top-column elementor-element elementor-element-bea09f3\" data-id=\"bea09f3\" data-element_type=\"column\" data-e-type=\"column\">\n\t\t\t<div class=\"elementor-widget-wrap elementor-element-populated\">\n\t\t\t\t\t\t<section class=\"wd-negative-gap elementor-section elementor-inner-section elementor-element elementor-element-8e8cae2 elementor-section-boxed elementor-section-height-default elementor-section-height-default\" data-id=\"8e8cae2\" data-element_type=\"section\" data-e-type=\"section\">\n\t\t\t\t\t\t<div class=\"elementor-container elementor-column-gap-default\">\n\t\t\t\t\t<div class=\"elementor-column elementor-col-100 elementor-inner-column elementor-element elementor-element-a0add72\" data-id=\"a0add72\" data-element_type=\"column\" data-e-type=\"column\">\n\t\t\t<div class=\"elementor-widget-wrap elementor-element-populated\">\n\t\t\t\t\t\t<div class=\"elementor-element elementor-element-85c54f5 elementor-widget elementor-widget-heading\" data-id=\"85c54f5\" data-element_type=\"widget\" data-e-type=\"widget\" data-widget_type=\"heading.default\">\n\t\t\t\t<div class=\"elementor-widget-container\">\n\t\t\t\t\t<h4 class=\"elementor-heading-title elementor-size-default\">Basel. Nature. Near.<\/h4>\t\t\t\t<\/div>\n\t\t\t\t<\/div>\n\t\t\t\t<div class=\"elementor-element elementor-element-6ca2849 elementor-widget elementor-widget-heading\" data-id=\"6ca2849\" data-element_type=\"widget\" data-e-type=\"widget\" data-widget_type=\"heading.default\">\n\t\t\t\t<div class=\"elementor-widget-container\">\n\t\t\t\t\t<h1 class=\"elementor-heading-title elementor-size-xxl\">Contact<\/h1>\t\t\t\t<\/div>\n\t\t\t\t<\/div>\n\t\t\t\t\t<\/div>\n\t\t<\/div>\n\t\t\t\t\t<\/div>\n\t\t<\/section>\n\t\t\t\t<div class=\"elementor-element elementor-element-095c5bc wd-cf7 elementor-widget elementor-widget-wd_contact_form_7\" data-id=\"095c5bc\" data-element_type=\"widget\" data-e-type=\"widget\" data-widget_type=\"wd_contact_form_7.default\">\n\t\t\t\t<div class=\"elementor-widget-container\">\n\t\t\t\t\t\n<div class=\"wpcf7 no-js\" id=\"wpcf7-f2399-o1\" lang=\"de-DE\" dir=\"ltr\" data-wpcf7-id=\"2399\">\n<div class=\"screen-reader-response\"><p role=\"status\" aria-live=\"polite\" aria-atomic=\"true\"><\/p> <ul><\/ul><\/div>\n<form action=\"\/en\/wp-json\/wp\/v2\/pages\/6901#wpcf7-f2399-o1\" method=\"post\" class=\"wpcf7-form init\" aria-label=\"Kontaktformular\" novalidate=\"novalidate\" data-status=\"init\">\n<fieldset class=\"hidden-fields-container\"><input type=\"hidden\" name=\"_wpcf7\" value=\"2399\" \/><input type=\"hidden\" name=\"_wpcf7_version\" value=\"6.1.5\" \/><input type=\"hidden\" name=\"_wpcf7_locale\" value=\"de_DE\" \/><input type=\"hidden\" name=\"_wpcf7_unit_tag\" value=\"wpcf7-f2399-o1\" \/><input type=\"hidden\" name=\"_wpcf7_container_post\" value=\"0\" \/><input type=\"hidden\" name=\"_wpcf7_posted_data_hash\" value=\"\" \/><input type=\"hidden\" name=\"_wpcf7cf_hidden_group_fields\" value=\"[]\" \/><input type=\"hidden\" name=\"_wpcf7cf_hidden_groups\" value=\"[]\" \/><input type=\"hidden\" name=\"_wpcf7cf_visible_groups\" value=\"[]\" \/><input type=\"hidden\" name=\"_wpcf7cf_repeaters\" value=\"[]\" \/><input type=\"hidden\" name=\"_wpcf7cf_steps\" value=\"{}\" \/><input type=\"hidden\" name=\"_wpcf7cf_options\" value=\"{&quot;form_id&quot;:2399,&quot;conditions&quot;:[{&quot;then_field&quot;:&quot;anderes-land-group&quot;,&quot;and_rules&quot;:[{&quot;if_field&quot;:&quot;land&quot;,&quot;operator&quot;:&quot;equals&quot;,&quot;if_value&quot;:&quot;anderes Land&quot;}]}],&quot;settings&quot;:{&quot;animation&quot;:&quot;yes&quot;,&quot;animation_intime&quot;:200,&quot;animation_outtime&quot;:200,&quot;conditions_ui&quot;:&quot;normal&quot;,&quot;notice_dismissed&quot;:false,&quot;notice_dismissed_rollback-cf7-5.8.6&quot;:true,&quot;notice_dismissed_rollback-cf7-5.9.2&quot;:true,&quot;notice_dismissed_rollback-cf7-5.9.4&quot;:true,&quot;notice_dismissed_rollback-cf7-5.9.5&quot;:true,&quot;notice_dismissed_rollback-cf7-5.9.7&quot;:true}}\" \/>\n<\/fieldset>\n<p style=\"margin-bottom: 10px;\">Personendaten*:<\/p>\n<div style=\"column-count: 3;\">\n<label class=\"cd\"><span class=\"wpcf7-form-control-wrap\" data-name=\"anrede\"><select class=\"wpcf7-form-control wpcf7-select wpcf7-validates-as-required\" id=\"anrede\" aria-required=\"true\" aria-invalid=\"false\" name=\"anrede\"><option value=\"Herr\">Herr<\/option><option value=\"Frau\">Frau<\/option><\/select><\/span><\/label><label class=\"cd\"><span class=\"wpcf7-form-control-wrap\" data-name=\"vorname\"><input size=\"40\" maxlength=\"400\" class=\"wpcf7-form-control wpcf7-text wpcf7-validates-as-required\" aria-required=\"true\" aria-invalid=\"false\" placeholder=\"Vorname*\" value=\"\" type=\"text\" name=\"vorname\" \/><\/span><\/label><label class=\"cd\"><span class=\"wpcf7-form-control-wrap\" data-name=\"nachname\"><input size=\"40\" maxlength=\"400\" class=\"wpcf7-form-control wpcf7-text wpcf7-validates-as-required\" aria-required=\"true\" aria-invalid=\"false\" placeholder=\"Nachname*\" value=\"\" type=\"text\" name=\"nachname\" \/><\/span><\/label>\n<\/div>\n\n<p style=\"margin-bottom: 10px;\">Kontaktdaten*:<\/p>\n<div style=\"column-count: 2;\">\n<label class=\"cd\"><span class=\"wpcf7-form-control-wrap\" data-name=\"email\"><input size=\"40\" maxlength=\"400\" class=\"wpcf7-form-control wpcf7-email wpcf7-validates-as-required wpcf7-text wpcf7-validates-as-email\" aria-required=\"true\" aria-invalid=\"false\" placeholder=\"E-Mail*\" value=\"\" type=\"email\" name=\"email\" \/><\/span><\/label><label class=\"cd\"><span class=\"wpcf7-form-control-wrap\" data-name=\"telefon\"><input size=\"40\" maxlength=\"400\" class=\"wpcf7-form-control wpcf7-tel wpcf7-text wpcf7-validates-as-tel\" aria-invalid=\"false\" placeholder=\"Telefon\" value=\"\" type=\"tel\" name=\"telefon\" \/><\/span><\/label>\n<\/div>\n\n<p style=\"margin-bottom: 10px;\">Firma:<\/p>\n<div><label class=\"cd\"><span class=\"wpcf7-form-control-wrap\" data-name=\"firma\"><input size=\"40\" maxlength=\"400\" class=\"wpcf7-form-control wpcf7-text\" aria-invalid=\"false\" placeholder=\"Firma\" value=\"\" type=\"text\" name=\"firma\" \/><\/span><\/label><\/div>\n\n<p style=\"margin-bottom: 10px;\"><hr><\/p>\n\n<p style=\"margin-bottom: 10px;\">Adressdaten:<\/p>\n<div style=\"column-count: 3;\">\n<label class=\"cd\"><span class=\"wpcf7-form-control-wrap\" data-name=\"strasse-nr\"><input size=\"40\" maxlength=\"400\" class=\"wpcf7-form-control wpcf7-text\" aria-invalid=\"false\" placeholder=\"Strasse Nr\" value=\"\" type=\"text\" name=\"strasse-nr\" \/><\/span><\/label><label class=\"cd\"><span class=\"wpcf7-form-control-wrap\" data-name=\"plz\"><input size=\"40\" maxlength=\"400\" class=\"wpcf7-form-control wpcf7-text\" aria-invalid=\"false\" placeholder=\"PLZ\" value=\"\" type=\"text\" name=\"plz\" \/><\/span><\/label><label class=\"cd\"><span class=\"wpcf7-form-control-wrap\" data-name=\"stadt\"><input size=\"40\" maxlength=\"400\" class=\"wpcf7-form-control wpcf7-text\" aria-invalid=\"false\" placeholder=\"Stadt \/ Ort\" value=\"\" type=\"text\" name=\"stadt\" \/><\/span><\/label>\n<\/div>\n\n<p style=\"margin-bottom: 10px;\">Land:<\/p>\n<label class=\"cd\"><span class=\"wpcf7-form-control-wrap\" data-name=\"land\"><select class=\"wpcf7-form-control wpcf7-select\" aria-invalid=\"false\" name=\"land\"><option value=\"\">&#8211; Bitte ausw\u00e4hlen &#8211;<\/option><option value=\"Schweiz\">Schweiz<\/option><option value=\"Deutschland\">Deutschland<\/option><option value=\"Frankreich\">Frankreich<\/option><option value=\"Grossbritanien\">Grossbritanien<\/option><option value=\"Italien\">Italien<\/option><option value=\"Liechtenstein\">Liechtenstein<\/option><option value=\"Luxemburg\">Luxemburg<\/option><option value=\"Namibia\">Namibia<\/option><option value=\"\u00d6sterreich\">\u00d6sterreich<\/option><option value=\"Russland\">Russland<\/option><option value=\"S\u00fcdafrika\">S\u00fcdafrika<\/option><option value=\"USA\">USA<\/option><option value=\"anderes Land\">anderes Land<\/option><\/select><\/span><\/label>\n               <div data-id=\"anderes-land-group\" data-orig_data_id=\"anderes-land-group\" data-clear_on_hide class=\"\" data-class=\"wpcf7cf_group\">\n                     <span class=\"wpcf7-form-control-wrap\" data-name=\"anderes-land\"><input size=\"40\" maxlength=\"400\" class=\"wpcf7-form-control wpcf7-text\" aria-invalid=\"false\" placeholder=\"Bitte anderes Land eingeben\" value=\"\" type=\"text\" name=\"anderes-land\" \/><\/span>\n               <\/div>\n\n<p style=\"margin-bottom: 10px;\"><hr><\/p>\n\n<div style=\"column-count: 3;\">\n<label class=\"cd\">Anreisetag: <span class=\"wpcf7-form-control-wrap\" data-name=\"anreise\"><input class=\"wpcf7-form-control wpcf7-date wpcf7-validates-as-date\" aria-invalid=\"false\" placeholder=\"Anreisetag\" value=\"\" type=\"date\" name=\"anreise\" \/><\/span><\/label><label class=\"cd\">Abreisetag: <span class=\"wpcf7-form-control-wrap\" data-name=\"abreise\"><input class=\"wpcf7-form-control wpcf7-date wpcf7-validates-as-date\" aria-invalid=\"false\" placeholder=\"Abreisetag\" value=\"\" type=\"date\" name=\"abreise\" \/><\/span><\/label><label class=\"cd\">Personen: <span class=\"wpcf7-form-control-wrap\" data-name=\"personenanzahl\"><input class=\"wpcf7-form-control wpcf7-number wpcf7-validates-as-number\" aria-invalid=\"false\" placeholder=\"Anzahl Personen\" value=\"\" type=\"number\" name=\"personenanzahl\" \/><\/span><\/label>\n<\/div>\n\n<p style=\"margin-bottom: 10px;\"><hr><\/p>\n\n<p style=\"margin-bottom: 10px;\">Ihre Anfrage*:<\/p>\n<label class=\"cd\"><span class=\"wpcf7-form-control-wrap\" data-name=\"anfrage\"><textarea cols=\"40\" rows=\"10\" maxlength=\"2000\" class=\"wpcf7-form-control wpcf7-textarea wpcf7-validates-as-required\" aria-required=\"true\" aria-invalid=\"false\" placeholder=\"Anfrage*\" name=\"anfrage\"><\/textarea><\/span><\/label>\n\n\n<p style=\"margin-bottom: 10px;\"><hr><\/p>\n\n<p style=\"margin-bottom: 10px;\"><b>Daten- und Spamschutz \/ Newsletter:<\/b><\/p><span class=\"wpcf7-form-control-wrap\" data-name=\"Datenschutz\"><span class=\"wpcf7-form-control wpcf7-acceptance\"><span class=\"wpcf7-list-item\"><label><input type=\"checkbox\" name=\"Datenschutz\" value=\"1\" aria-invalid=\"false\" \/><span class=\"wpcf7-list-item-label\">Ich habe die <a href=\"https:\/\/chrischona-berg.ch\/datenschutz\/\" target=\"_blank\">Datenschutzerkl\u00e4rung<\/a> zur Kenntnis genommen und erkl\u00e4re mich einverstanden mit deren Regelungen.*<\/span><\/label><\/span><\/span><\/span><span class=\"wpcf7-form-control-wrap\" data-name=\"chrischona-berg-newsletter\"><span class=\"wpcf7-form-control wpcf7-checkbox\"><span class=\"wpcf7-list-item first last\"><label><input type=\"checkbox\" name=\"chrischona-berg-newsletter[]\" value=\"Ich m\u00f6chte den Newsletter des Chrischona Bergs abonnieren.\" \/><span class=\"wpcf7-list-item-label\">Ich m\u00f6chte den Newsletter des Chrischona Bergs abonnieren.<\/span><\/label><\/span><\/span><\/span>\n<br><span class=\"wpcf7-form-control-wrap\" data-name=\"spamschutz\"><label><span class=\"wpcf7-quiz-label\">Was ergibt 3+4? (Spamschutz \u2013 1 Zahl eingeben)*<\/span> <input size=\"40\" class=\"wpcf7-form-control wpcf7-quiz\" autocomplete=\"off\" aria-required=\"true\" aria-invalid=\"false\" type=\"text\" name=\"spamschutz\" \/><\/label><input type=\"hidden\" name=\"_wpcf7_quiz_answer_spamschutz\" value=\"a593bfc8692a8504a12842b4bbed059a\" \/><\/span>\n<br>\n\n<p class=\"reservation-submit\"><button type=\"submit\" class=\"wpcf7-submit elementor-button-link\">Senden<span class=\"elementor-button-icon elementor-align-icon-right\" style=\"margin-left: 21px;\"><svg xmlns=\"http:\/\/www.w3.org\/2000\/svg\" width=\"30\" height=\"24\" viewBox=\"0 0 30 24\" fill=\"none\"><path d=\"M21.0634 0.98354C20.5154 0.307986 19.4846 0.307986 18.9366 0.983542C18.5291 1.48596 18.5287 2.20505 18.9358 2.70782L25.2125 10.4594L1.54097 10.4594C0.689913 10.4594 -4.6729e-07 11.1493 -4.37114e-07 12.0004C-4.06937e-07 12.8514 0.689915 13.5413 1.54097 13.5413L25.2125 13.5413L18.9306 21.2717C18.5194 21.7776 18.5191 22.5025 18.9298 23.0088C19.4813 23.6887 20.5187 23.6887 21.0702 23.0088L28.978 13.2603C29.5736 12.526 29.5736 11.4748 28.978 10.7404L21.0634 0.98354Z\" fill=\"white\"><\/path><\/svg><\/span><\/button><\/p>\n<p><small><strong>Bitte nur einmal klicken:<\/strong> Sie m\u00fcssen nach dem Klick auf \u00abSenden\u00bb wenige Sekunden warten, bis Ihre Anfrage verarbeitet wurde und die Erfolgsmeldung erscheint.<\/small><\/p>\n<input class=\"wpcf7-form-control wpcf7-hidden\" value=\"Lieber\" type=\"hidden\" name=\"begruessung\" \/> <input class=\"wpcf7-form-control wpcf7-hidden\" value=\"Sehr geehrter\" type=\"hidden\" name=\"begruessung-formell\" \/> <input class=\"wpcf7-form-control wpcf7-hidden\" value=\"M\u00e4nnlich\" type=\"hidden\" name=\"gender\" \/> <input class=\"wpcf7-form-control wpcf7-hidden\" value=\"CCAG-Kontaktformular-Chrischona-Berg\" type=\"hidden\" name=\"Kontaktformular-Kampagne\" \/> <input class=\"wpcf7-form-control wpcf7-hidden\" value=\"1\" type=\"hidden\" name=\"CCAG-Kunde\" \/>\n<script>if(jQuery(\"#anrede\").val() == \"Herr\"){jQuery(\"input[name='begruessung']\").val(\"Lieber\")}else{jQuery(\"input[name='begruessung']\").val(\"Liebe\")}; jQuery( \"#anrede\" ).change(function(){if(jQuery(\"#anrede\").val() == \"Herr\"){jQuery(\"input[name='begruessung']\").val(\"Lieber\")}else{jQuery(\"input[name='begruessung']\").val(\"Liebe\")};\n});<\/script>\n<script>if(jQuery(\"#anrede\").val() == \"Herr\"){jQuery(\"input[name='begruessung-formell']\").val(\"Sehr geehrter\")}else{jQuery(\"input[name='begruessung-formell']\").val(\"Sehr geehrte\")}; jQuery( \"#anrede\" ).change(function(){if(jQuery(\"#anrede\").val() == \"Herr\"){jQuery(\"input[name=begruessung-formell']\").val(\"Sehr geehrter\")}else{jQuery(\"input[name='begruessung-formell']\").val(\"Sehr geehrte\")};\n});<\/script>\n<script>if(jQuery(\"#anrede\").val() == \"Herr\"){jQuery(\"input[name='gender']\").val(\"M\u00e4nnlich\")}else{jQuery(\"input[name='gender']\").val(\"Weiblich\")}; jQuery( \"#anrede\" ).change(function(){if(jQuery(\"#anrede\").val() == \"Herr\"){jQuery(\"input[name=gender']\").val(\"M\u00e4nnlich\")}else{jQuery(\"input[name='gender']\").val(\"Weiblich\")};\n});<\/script><div class=\"wpcf7-response-output\" aria-hidden=\"true\"><\/div>\n<\/form>\n<\/div>\n\t\t\t\t<\/div>\n\t\t\t\t<\/div>\n\t\t\t\t\t<\/div>\n\t\t<\/div>\n\t\t\t\t<div class=\"elementor-column elementor-col-33 elementor-top-column elementor-element elementor-element-b881a7b elementor-hidden-tablet elementor-hidden-mobile\" data-id=\"b881a7b\" data-element_type=\"column\" data-e-type=\"column\">\n\t\t\t<div class=\"elementor-widget-wrap\">\n\t\t\t\t\t\t\t<\/div>\n\t\t<\/div>\n\t\t\t\t\t<\/div>\n\t\t<\/section>\n\t\t\t\t<\/div>\n\t\t","protected":false},"excerpt":{"rendered":"<p>Basel. Nature. Near. Contact Personendaten*: HerrFrau Kontaktdaten*: Firma: Adressdaten: Land: &#8211; Bitte ausw\u00e4hlen &#8211;SchweizDeutschlandFrankreichGrossbritanienItalienLiechtensteinLuxemburgNamibia\u00d6sterreichRusslandS\u00fcdafrikaUSAanderes Land Anreisetag: Abreisetag: Personen: Ihre Anfrage*:<\/p>\n","protected":false},"author":1,"featured_media":0,"parent":0,"menu_order":21,"comment_status":"closed","ping_status":"closed","template":"","meta":{"footnotes":""},"class_list":["post-6901","page","type-page","status-publish","hentry"],"yoast_head":"<!-- This site is optimized with the Yoast SEO Premium plugin v27.4 (Yoast SEO v27.4) - https:\/\/yoast.com\/product\/yoast-seo-premium-wordpress\/ -->\n<title>Contact - Chrischona Berg<\/title>\n<meta name=\"description\" content=\"Do you have questions about the offers at Chrischona Berg? Contact us by e-mail or phone. We are happy to assist!\" \/>\n<meta name=\"robots\" content=\"index, follow, max-snippet:-1, max-image-preview:large, max-video-preview:-1\" \/>\n<link rel=\"canonical\" href=\"https:\/\/chrischona-berg.ch\/en\/contact\/\" \/>\n<meta property=\"og:locale\" content=\"en_US\" \/>\n<meta property=\"og:type\" content=\"article\" \/>\n<meta property=\"og:title\" content=\"Contact\" \/>\n<meta property=\"og:description\" content=\"Do you have questions about the offers at Chrischona Berg? Contact us by e-mail or phone. We are happy to assist!\" \/>\n<meta property=\"og:url\" content=\"https:\/\/chrischona-berg.ch\/en\/contact\/\" \/>\n<meta property=\"og:site_name\" content=\"Chrischona Berg\" \/>\n<meta property=\"article:publisher\" content=\"https:\/\/www.facebook.com\/chrischonaberg.ch\" \/>\n<meta property=\"article:modified_time\" content=\"2023-07-31T14:51:31+00:00\" \/>\n<meta name=\"twitter:card\" content=\"summary_large_image\" \/>\n<script type=\"application\/ld+json\" class=\"yoast-schema-graph\">{\"@context\":\"https:\\\/\\\/schema.org\",\"@graph\":[{\"@type\":\"WebPage\",\"@id\":\"https:\\\/\\\/chrischona-berg.ch\\\/en\\\/contact\\\/\",\"url\":\"https:\\\/\\\/chrischona-berg.ch\\\/en\\\/contact\\\/\",\"name\":\"Contact - Chrischona Berg\",\"isPartOf\":{\"@id\":\"https:\\\/\\\/chrischona-berg.ch\\\/en\\\/#website\"},\"datePublished\":\"2022-07-08T12:32:41+00:00\",\"dateModified\":\"2023-07-31T14:51:31+00:00\",\"description\":\"Do you have questions about the offers at Chrischona Berg? Contact us by e-mail or phone. We are happy to assist!\",\"breadcrumb\":{\"@id\":\"https:\\\/\\\/chrischona-berg.ch\\\/en\\\/contact\\\/#breadcrumb\"},\"inLanguage\":\"en-US\",\"potentialAction\":[{\"@type\":\"ReadAction\",\"target\":[\"https:\\\/\\\/chrischona-berg.ch\\\/en\\\/contact\\\/\"]}]},{\"@type\":\"BreadcrumbList\",\"@id\":\"https:\\\/\\\/chrischona-berg.ch\\\/en\\\/contact\\\/#breadcrumb\",\"itemListElement\":[{\"@type\":\"ListItem\",\"position\":1,\"name\":\"Startseite\",\"item\":\"https:\\\/\\\/chrischona-berg.ch\\\/en\\\/start\\\/\"},{\"@type\":\"ListItem\",\"position\":2,\"name\":\"Contact\"}]},{\"@type\":\"WebSite\",\"@id\":\"https:\\\/\\\/chrischona-berg.ch\\\/en\\\/#website\",\"url\":\"https:\\\/\\\/chrischona-berg.ch\\\/en\\\/\",\"name\":\"Chrischona Berg\",\"description\":\"Inspiration. Leben. Bildung.\",\"publisher\":{\"@id\":\"https:\\\/\\\/chrischona-berg.ch\\\/en\\\/#organization\"},\"potentialAction\":[{\"@type\":\"SearchAction\",\"target\":{\"@type\":\"EntryPoint\",\"urlTemplate\":\"https:\\\/\\\/chrischona-berg.ch\\\/en\\\/?s={search_term_string}\"},\"query-input\":{\"@type\":\"PropertyValueSpecification\",\"valueRequired\":true,\"valueName\":\"search_term_string\"}}],\"inLanguage\":\"en-US\"},{\"@type\":\"Organization\",\"@id\":\"https:\\\/\\\/chrischona-berg.ch\\\/en\\\/#organization\",\"name\":\"Chrischona Berg\",\"url\":\"https:\\\/\\\/chrischona-berg.ch\\\/en\\\/\",\"logo\":{\"@type\":\"ImageObject\",\"inLanguage\":\"en-US\",\"@id\":\"https:\\\/\\\/chrischona-berg.ch\\\/en\\\/#\\\/schema\\\/logo\\\/image\\\/\",\"url\":\"https:\\\/\\\/chrischona-berg.ch\\\/wp-content\\\/uploads\\\/2022\\\/04\\\/Chrischona-Berg_Logo.svg\",\"contentUrl\":\"https:\\\/\\\/chrischona-berg.ch\\\/wp-content\\\/uploads\\\/2022\\\/04\\\/Chrischona-Berg_Logo.svg\",\"width\":360,\"height\":60,\"caption\":\"Chrischona Berg\"},\"image\":{\"@id\":\"https:\\\/\\\/chrischona-berg.ch\\\/en\\\/#\\\/schema\\\/logo\\\/image\\\/\"},\"sameAs\":[\"https:\\\/\\\/www.facebook.com\\\/chrischonaberg.ch\",\"https:\\\/\\\/www.linkedin.com\\\/company\\\/chrischona-berg\"]}]}<\/script>\n<!-- \/ Yoast SEO Premium plugin. -->","yoast_head_json":{"title":"Contact - Chrischona Berg","description":"Do you have questions about the offers at Chrischona Berg? Contact us by e-mail or phone. We are happy to assist!","robots":{"index":"index","follow":"follow","max-snippet":"max-snippet:-1","max-image-preview":"max-image-preview:large","max-video-preview":"max-video-preview:-1"},"canonical":"https:\/\/chrischona-berg.ch\/en\/contact\/","og_locale":"en_US","og_type":"article","og_title":"Contact","og_description":"Do you have questions about the offers at Chrischona Berg? Contact us by e-mail or phone. We are happy to assist!","og_url":"https:\/\/chrischona-berg.ch\/en\/contact\/","og_site_name":"Chrischona Berg","article_publisher":"https:\/\/www.facebook.com\/chrischonaberg.ch","article_modified_time":"2023-07-31T14:51:31+00:00","twitter_card":"summary_large_image","schema":{"@context":"https:\/\/schema.org","@graph":[{"@type":"WebPage","@id":"https:\/\/chrischona-berg.ch\/en\/contact\/","url":"https:\/\/chrischona-berg.ch\/en\/contact\/","name":"Contact - Chrischona Berg","isPartOf":{"@id":"https:\/\/chrischona-berg.ch\/en\/#website"},"datePublished":"2022-07-08T12:32:41+00:00","dateModified":"2023-07-31T14:51:31+00:00","description":"Do you have questions about the offers at Chrischona Berg? Contact us by e-mail or phone. We are happy to assist!","breadcrumb":{"@id":"https:\/\/chrischona-berg.ch\/en\/contact\/#breadcrumb"},"inLanguage":"en-US","potentialAction":[{"@type":"ReadAction","target":["https:\/\/chrischona-berg.ch\/en\/contact\/"]}]},{"@type":"BreadcrumbList","@id":"https:\/\/chrischona-berg.ch\/en\/contact\/#breadcrumb","itemListElement":[{"@type":"ListItem","position":1,"name":"Startseite","item":"https:\/\/chrischona-berg.ch\/en\/start\/"},{"@type":"ListItem","position":2,"name":"Contact"}]},{"@type":"WebSite","@id":"https:\/\/chrischona-berg.ch\/en\/#website","url":"https:\/\/chrischona-berg.ch\/en\/","name":"Chrischona Berg","description":"Inspiration. Leben. Bildung.","publisher":{"@id":"https:\/\/chrischona-berg.ch\/en\/#organization"},"potentialAction":[{"@type":"SearchAction","target":{"@type":"EntryPoint","urlTemplate":"https:\/\/chrischona-berg.ch\/en\/?s={search_term_string}"},"query-input":{"@type":"PropertyValueSpecification","valueRequired":true,"valueName":"search_term_string"}}],"inLanguage":"en-US"},{"@type":"Organization","@id":"https:\/\/chrischona-berg.ch\/en\/#organization","name":"Chrischona Berg","url":"https:\/\/chrischona-berg.ch\/en\/","logo":{"@type":"ImageObject","inLanguage":"en-US","@id":"https:\/\/chrischona-berg.ch\/en\/#\/schema\/logo\/image\/","url":"https:\/\/chrischona-berg.ch\/wp-content\/uploads\/2022\/04\/Chrischona-Berg_Logo.svg","contentUrl":"https:\/\/chrischona-berg.ch\/wp-content\/uploads\/2022\/04\/Chrischona-Berg_Logo.svg","width":360,"height":60,"caption":"Chrischona Berg"},"image":{"@id":"https:\/\/chrischona-berg.ch\/en\/#\/schema\/logo\/image\/"},"sameAs":["https:\/\/www.facebook.com\/chrischonaberg.ch","https:\/\/www.linkedin.com\/company\/chrischona-berg"]}]}},"_links":{"self":[{"href":"https:\/\/chrischona-berg.ch\/en\/wp-json\/wp\/v2\/pages\/6901","targetHints":{"allow":["GET"]}}],"collection":[{"href":"https:\/\/chrischona-berg.ch\/en\/wp-json\/wp\/v2\/pages"}],"about":[{"href":"https:\/\/chrischona-berg.ch\/en\/wp-json\/wp\/v2\/types\/page"}],"author":[{"embeddable":true,"href":"https:\/\/chrischona-berg.ch\/en\/wp-json\/wp\/v2\/users\/1"}],"replies":[{"embeddable":true,"href":"https:\/\/chrischona-berg.ch\/en\/wp-json\/wp\/v2\/comments?post=6901"}],"version-history":[{"count":1,"href":"https:\/\/chrischona-berg.ch\/en\/wp-json\/wp\/v2\/pages\/6901\/revisions"}],"predecessor-version":[{"id":6902,"href":"https:\/\/chrischona-berg.ch\/en\/wp-json\/wp\/v2\/pages\/6901\/revisions\/6902"}],"wp:attachment":[{"href":"https:\/\/chrischona-berg.ch\/en\/wp-json\/wp\/v2\/media?parent=6901"}],"curies":[{"name":"wp","href":"https:\/\/api.w.org\/{rel}","templated":true}]}}